{"id":32,"date":"2023-03-10T09:36:52","date_gmt":"2023-03-10T08:36:52","guid":{"rendered":"https:\/\/spadugo.321-impressive.de\/herzensmarkt\/?page_id=32"},"modified":"2023-03-10T09:36:52","modified_gmt":"2023-03-10T08:36:52","slug":"impressum","status":"publish","type":"page","link":"https:\/\/spadugo.321-impressive.de\/herzensmarkt\/impressum\/","title":{"rendered":"Impressum"},"content":{"rendered":"\n<h2 class=\"wp-block-heading\">Angaben gem\u00e4\u00df \u00a7 5 TMG<\/h2>\n\n\n\n<p>Martin Rehm<br>Webdesign &amp; IT-Hilfe Martin Rehm<br>Gartenstr. 68<br>47574 Goch<\/p>\n\n\n\n<h2 class=\"wp-block-heading\">Kontakt<\/h2>\n\n\n\n<p>Telefon: 02823\/3279724<br>Telefax: 03212\/1421641<br>E-Mail: webdesign@bit-byte-und-pixel.de<\/p>\n\n\n\n<h2 class=\"wp-block-heading\">Redaktionell verantwortlich<\/h2>\n\n\n\n<p>Martin Rehm<br>Gartenstrasse 68<br>47574 Goch<\/p>\n\n\n\n<h2 class=\"wp-block-heading\">EU-Streitschlichtung<\/h2>\n\n\n\n<p>Die Europ\u00e4ische Kommission stellt eine Plattform zur Online-Streitbeilegung (OS) bereit: <a href=\"https:\/\/ec.europa.eu\/consumers\/odr\/\" target=\"_blank\" rel=\"noreferrer noopener\">https:\/\/ec.europa.eu\/consumers\/odr\/<\/a>.<br>Unsere E-Mail-Adresse finden Sie oben im Impressum.<\/p>\n\n\n\n<h2 class=\"wp-block-heading\">Verbraucher\u00adstreit\u00adbeilegung\/Universal\u00adschlichtungs\u00adstelle<\/h2>\n\n\n\n<p>Wir sind nicht bereit oder verpflichtet, an Streitbeilegungsverfahren vor einer Verbraucherschlichtungsstelle teilzunehmen.<\/p>\n","protected":false},"excerpt":{"rendered":"<p>Angaben gem\u00e4\u00df \u00a7 5 TMG Martin RehmWebdesign &amp; IT-Hilfe Martin RehmGartenstr. 6847574 Goch Kontakt Telefon: 02823\/3279724Telefax: 03212\/1421641E-Mail: webdesign@bit-byte-und-pixel.de Redaktionell verantwortlich Martin RehmGartenstrasse 6847574 Goch EU-Streitschlichtung Die Europ\u00e4ische Kommission stellt eine Plattform zur Online-Streitbeilegung (OS) bereit: https:\/\/ec.europa.eu\/consumers\/odr\/.Unsere E-Mail-Adresse finden Sie oben im Impressum. Verbraucher\u00adstreit\u00adbeilegung\/Universal\u00adschlichtungs\u00adstelle Wir sind&hellip; <a class=\"read-more\" href=\"https:\/\/spadugo.321-impressive.de\/herzensmarkt\/impressum\/\">Weiterlesen<\/a><\/p>\n","protected":false},"author":1,"featured_media":0,"parent":0,"menu_order":0,"comment_status":"closed","ping_status":"closed","template":"","meta":{"footnotes":""},"class_list":["post-32","page","type-page","status-publish","hentry"],"yoast_head":"<!-- This site is optimized with the Yoast SEO plugin v27.4 - https:\/\/yoast.com\/product\/yoast-seo-wordpress\/ -->\n<title>Impressum - Die Herzensm\u00e4rkte hei\u00dfen Sie willkommen!<\/title>\n<meta name=\"robots\" content=\"noindex, follow, max-snippet:-1, max-image-preview:large, max-video-preview:-1\" \/>\n<meta property=\"og:locale\" content=\"de_DE\" \/>\n<meta property=\"og:type\" content=\"article\" \/>\n<meta property=\"og:title\" content=\"Impressum - Die Herzensm\u00e4rkte hei\u00dfen Sie willkommen!\" \/>\n<meta property=\"og:description\" content=\"Angaben gem\u00e4\u00df \u00a7 5 TMG Martin RehmWebdesign &amp; IT-Hilfe Martin RehmGartenstr. 6847574 Goch Kontakt Telefon: 02823\/3279724Telefax: 03212\/1421641E-Mail: webdesign@bit-byte-und-pixel.de Redaktionell verantwortlich Martin RehmGartenstrasse 6847574 Goch EU-Streitschlichtung Die Europ\u00e4ische Kommission stellt eine Plattform zur Online-Streitbeilegung (OS) bereit: https:\/\/ec.europa.eu\/consumers\/odr\/.Unsere E-Mail-Adresse finden Sie oben im Impressum. Verbraucher\u00adstreit\u00adbeilegung\/Universal\u00adschlichtungs\u00adstelle Wir sind&hellip; Weiterlesen\" \/>\n<meta property=\"og:url\" content=\"https:\/\/spadugo.321-impressive.de\/herzensmarkt\/impressum\/\" \/>\n<meta property=\"og:site_name\" content=\"Die Herzensm\u00e4rkte hei\u00dfen Sie willkommen!\" \/>\n<meta name=\"twitter:card\" content=\"summary_large_image\" \/>\n<script type=\"application\/ld+json\" class=\"yoast-schema-graph\">{\"@context\":\"https:\\\/\\\/schema.org\",\"@graph\":[{\"@type\":\"WebPage\",\"@id\":\"https:\\\/\\\/spadugo.321-impressive.de\\\/herzensmarkt\\\/impressum\\\/\",\"url\":\"https:\\\/\\\/spadugo.321-impressive.de\\\/herzensmarkt\\\/impressum\\\/\",\"name\":\"Impressum - Die Herzensm\u00e4rkte hei\u00dfen Sie willkommen!\",\"isPartOf\":{\"@id\":\"https:\\\/\\\/spadugo.321-impressive.de\\\/herzensmarkt\\\/#website\"},\"datePublished\":\"2023-03-10T08:36:52+00:00\",\"breadcrumb\":{\"@id\":\"https:\\\/\\\/spadugo.321-impressive.de\\\/herzensmarkt\\\/impressum\\\/#breadcrumb\"},\"inLanguage\":\"de\",\"potentialAction\":[{\"@type\":\"ReadAction\",\"target\":[\"https:\\\/\\\/spadugo.321-impressive.de\\\/herzensmarkt\\\/impressum\\\/\"]}]},{\"@type\":\"BreadcrumbList\",\"@id\":\"https:\\\/\\\/spadugo.321-impressive.de\\\/herzensmarkt\\\/impressum\\\/#breadcrumb\",\"itemListElement\":[{\"@type\":\"ListItem\",\"position\":1,\"name\":\"Startseite\",\"item\":\"https:\\\/\\\/spadugo.321-impressive.de\\\/herzensmarkt\\\/\"},{\"@type\":\"ListItem\",\"position\":2,\"name\":\"Impressum\"}]},{\"@type\":\"WebSite\",\"@id\":\"https:\\\/\\\/spadugo.321-impressive.de\\\/herzensmarkt\\\/#website\",\"url\":\"https:\\\/\\\/spadugo.321-impressive.de\\\/herzensmarkt\\\/\",\"name\":\"Die Herzensm\u00e4rkte hei\u00dfen Sie willkommen!\",\"description\":\"\",\"potentialAction\":[{\"@type\":\"SearchAction\",\"target\":{\"@type\":\"EntryPoint\",\"urlTemplate\":\"https:\\\/\\\/spadugo.321-impressive.de\\\/herzensmarkt\\\/?s={search_term_string}\"},\"query-input\":{\"@type\":\"PropertyValueSpecification\",\"valueRequired\":true,\"valueName\":\"search_term_string\"}}],\"inLanguage\":\"de\"}]}<\/script>\n<!-- \/ Yoast SEO plugin. -->","yoast_head_json":{"title":"Impressum - Die Herzensm\u00e4rkte hei\u00dfen Sie willkommen!","robots":{"index":"noindex","follow":"follow","max-snippet":"max-snippet:-1","max-image-preview":"max-image-preview:large","max-video-preview":"max-video-preview:-1"},"og_locale":"de_DE","og_type":"article","og_title":"Impressum - Die Herzensm\u00e4rkte hei\u00dfen Sie willkommen!","og_description":"Angaben gem\u00e4\u00df \u00a7 5 TMG Martin RehmWebdesign &amp; IT-Hilfe Martin RehmGartenstr. 6847574 Goch Kontakt Telefon: 02823\/3279724Telefax: 03212\/1421641E-Mail: webdesign@bit-byte-und-pixel.de Redaktionell verantwortlich Martin RehmGartenstrasse 6847574 Goch EU-Streitschlichtung Die Europ\u00e4ische Kommission stellt eine Plattform zur Online-Streitbeilegung (OS) bereit: https:\/\/ec.europa.eu\/consumers\/odr\/.Unsere E-Mail-Adresse finden Sie oben im Impressum. Verbraucher\u00adstreit\u00adbeilegung\/Universal\u00adschlichtungs\u00adstelle Wir sind&hellip; Weiterlesen","og_url":"https:\/\/spadugo.321-impressive.de\/herzensmarkt\/impressum\/","og_site_name":"Die Herzensm\u00e4rkte hei\u00dfen Sie willkommen!","twitter_card":"summary_large_image","schema":{"@context":"https:\/\/schema.org","@graph":[{"@type":"WebPage","@id":"https:\/\/spadugo.321-impressive.de\/herzensmarkt\/impressum\/","url":"https:\/\/spadugo.321-impressive.de\/herzensmarkt\/impressum\/","name":"Impressum - Die Herzensm\u00e4rkte hei\u00dfen Sie willkommen!","isPartOf":{"@id":"https:\/\/spadugo.321-impressive.de\/herzensmarkt\/#website"},"datePublished":"2023-03-10T08:36:52+00:00","breadcrumb":{"@id":"https:\/\/spadugo.321-impressive.de\/herzensmarkt\/impressum\/#breadcrumb"},"inLanguage":"de","potentialAction":[{"@type":"ReadAction","target":["https:\/\/spadugo.321-impressive.de\/herzensmarkt\/impressum\/"]}]},{"@type":"BreadcrumbList","@id":"https:\/\/spadugo.321-impressive.de\/herzensmarkt\/impressum\/#breadcrumb","itemListElement":[{"@type":"ListItem","position":1,"name":"Startseite","item":"https:\/\/spadugo.321-impressive.de\/herzensmarkt\/"},{"@type":"ListItem","position":2,"name":"Impressum"}]},{"@type":"WebSite","@id":"https:\/\/spadugo.321-impressive.de\/herzensmarkt\/#website","url":"https:\/\/spadugo.321-impressive.de\/herzensmarkt\/","name":"Die Herzensm\u00e4rkte hei\u00dfen Sie willkommen!","description":"","potentialAction":[{"@type":"SearchAction","target":{"@type":"EntryPoint","urlTemplate":"https:\/\/spadugo.321-impressive.de\/herzensmarkt\/?s={search_term_string}"},"query-input":{"@type":"PropertyValueSpecification","valueRequired":true,"valueName":"search_term_string"}}],"inLanguage":"de"}]}},"_links":{"self":[{"href":"https:\/\/spadugo.321-impressive.de\/herzensmarkt\/wp-json\/wp\/v2\/pages\/32","targetHints":{"allow":["GET"]}}],"collection":[{"href":"https:\/\/spadugo.321-impressive.de\/herzensmarkt\/wp-json\/wp\/v2\/pages"}],"about":[{"href":"https:\/\/spadugo.321-impressive.de\/herzensmarkt\/wp-json\/wp\/v2\/types\/page"}],"author":[{"embeddable":true,"href":"https:\/\/spadugo.321-impressive.de\/herzensmarkt\/wp-json\/wp\/v2\/users\/1"}],"replies":[{"embeddable":true,"href":"https:\/\/spadugo.321-impressive.de\/herzensmarkt\/wp-json\/wp\/v2\/comments?post=32"}],"version-history":[{"count":1,"href":"https:\/\/spadugo.321-impressive.de\/herzensmarkt\/wp-json\/wp\/v2\/pages\/32\/revisions"}],"predecessor-version":[{"id":33,"href":"https:\/\/spadugo.321-impressive.de\/herzensmarkt\/wp-json\/wp\/v2\/pages\/32\/revisions\/33"}],"wp:attachment":[{"href":"https:\/\/spadugo.321-impressive.de\/herzensmarkt\/wp-json\/wp\/v2\/media?parent=32"}],"curies":[{"name":"wp","href":"https:\/\/api.w.org\/{rel}","templated":true}]}}